{"id":9464,"date":"2020-12-21T15:40:02","date_gmt":"2020-12-21T15:40:02","guid":{"rendered":"https:\/\/www.cosmed.fr\/cosmetic-regulations\/"},"modified":"2020-12-22T10:04:26","modified_gmt":"2020-12-22T10:04:26","slug":"cosmetic-regulations","status":"publish","type":"page","link":"https:\/\/www.cosmed.fr\/en\/cosmetic-regulations\/","title":{"rendered":"Cosmetic regulations"},"content":{"rendered":"\n<h2 class=\"wp-block-heading\">Service de veille r\u00e8glementaire cosm\u00e9tique<\/h2>\n\n<p>COSMED VEILLE est un service de veille qui couvre la r\u00e9glementation cosm\u00e9tique europ\u00e9enne et internationale sur 120 pays.<\/p>\n\n<p><p><strong>Un dispositif unique<\/strong>\u00a0de consultation vous permet\u00a0de:<\/p><\/p>\n\n<ul class=\"wp-block-list\"><li><p>Recevoir par e-mail des\u00a0<strong>alertes de veille,<\/strong>\u00a0\u00e0 chaque \u00e9volution r\u00e9glementaire,<\/p><\/li><li><p>B\u00e9n\u00e9ficier de\u00a0<strong>l\u2019assistance r\u00e9glementaire<\/strong>\u00a0pour poser vos questions \u00e0 une \u00e9quipe sp\u00e9cialis\u00e9e,<\/p><\/li><li><p><strong>Acc\u00e9der directement<\/strong>\u00a0aux textes applicables, tableaux de substances, comptes rendus, synth\u00e8ses \u2026 (1500 fiches actualis\u00e9es)\u00a0;<\/p><\/li><li><p>Effectuer une\u00a0<strong>recherche cibl\u00e9e<\/strong>\u00a0par mot-cl\u00e9, zone g\u00e9ographique, type de produit<\/p><\/li><li>Participer aux webinars r\u00e9glementaires<\/li><\/ul>\n<p><p>L\u2019\u00e9quipe de Veille R\u00e9glementaire vous propose sur rendez-vous, une d\u00e9monstration gratuite de l\u2019outil de veille en ligne (dur\u00e9e 45min). Merci d\u2019envoyer un mail \u00e0 :\u00a0<a href=\"mailto:reglementaire@cosmed.fr\">reglementaire@cosmed.fr<\/a><\/p><\/p>\n\n<p>Pour d\u00e9couvrir cet espace, vous devez \u00eatre abonn\u00e9 \u00e0 la Veille r\u00e9glementaire.<\/p>\n\n<div style=\"height:100px\" aria-hidden=\"true\" class=\"wp-block-spacer\"><\/div>\n\n<p>           <\/p>\n\n<p><\/p>\n<div class=\"container\"><div class=\"block-two-col-content\">\n\n    <div class=\"container overflow-hidden\">\n\n        <div class=\"row large-gutters\">\n\n            <div class=\"col-12 col-lg-6\">\n                                    \n                    <h2 class=\"block-title\">Vous connectez \u00e0 Cosmed Veille<\/h2>\n                                <p>Connectez vous \u00e0 votre compte Cosmed en haut \u00e0 droite de l&#8217;\u00e9cran.<\/p>\n<p>Si vous rencontrez des difficult\u00e9s : t\u00e9l\u00e9chargez notre <a href=\"https:\/\/www.cosmed.fr\/app\/uploads\/2020\/10\/tutoriel-et-faq-box.pdf\" target=\"_blank\" rel=\"noopener\">tutoriel<\/a><\/p>\n\n            <\/div>\n\n            <div class=\"col-12 col-lg-6 image-container mt-3 mt-lg-0 \">\n                                <img decoding=\"async\" src=\"https:\/\/www.cosmed.fr\/app\/uploads\/2020\/12\/shutterstock_77479960-768x512.jpg\" alt=\"reglementation cosm\u00e9tique europe et international\" class=\"img-fluid w-100\">\n            <\/div>\n\n        <\/div>\n\n    <\/div>\n\n<\/div><\/div>\n<div class=\"wp-block-group\"><div class=\"wp-block-group__inner-container is-layout-flow wp-block-group-is-layout-flow\">\n<div class=\"wp-block-buttons alignright is-layout-flex wp-block-buttons-is-layout-flex\">\n<div class=\"wp-block-button is-style-outline is-style-outline--1\"><a class=\"wp-block-button__link has-text-color has-background has-vivid-cyan-blue-background-color no-border-radius\" style=\"color:#fbfbfb\">S&#8217;inscrire en ligne<\/a><\/div>\n\n\n\n<div class=\"wp-block-button is-style-outline is-style-outline--2\"><a class=\"wp-block-button__link has-text-color has-background has-vivid-cyan-blue-background-color no-border-radius\" href=\"https:\/\/www.cosmed.fr\/app\/uploads\/2020\/10\/bulletin-abonnement-cv-2020.pdf\" style=\"color:#fbfbfb\" target=\"_blank\" rel=\"noreferrer noopener\">T\u00e9l\u00e9charger le bulletin papier<\/a><\/div>\n<\/div>\n<\/div><\/div>\n\n<div style=\"height:100px\" aria-hidden=\"true\" class=\"wp-block-spacer\"><\/div>\n<div class=\"container\"><div class=\"block-two-col-content\">\n\n    <div class=\"container overflow-hidden\">\n\n        <div class=\"row large-gutters\">\n\n            <div class=\"col-12 col-lg-6\">\n                                    \n                    <h2 class=\"block-title\">Webinars sur la r\u00e9glementation cosm\u00e9tique<\/h2>\n                                <p>2500 professionnels ont assist\u00e9 en 2020 aux webinars COSMED sur des sujets aussi vari\u00e9s que la vente en vrac, les perturbateurs endocriniens, REACH, le Brexit, la Chine, les bpf cosm\u00e9tique et la norme ISO 22716, les substances CMR, ou les labels (vegan, cascher&#8230;)<\/p>\n<p>En 2021, 10 nouvelles sessions seront organis\u00e9es sur des th\u00e8me du r\u00e8glement cosm\u00e9tique europ\u00e9en et sur la r\u00e9glementation \u00e0 l\u2019international.<\/p>\n<p>Les webinars Cosmed sont gratuits pour les adh\u00e9rents et les abonn\u00e9s \u00e0 Cosmed Veille.<\/p>\n<h4>Vous souhaitez souscrire \u00e0 l&#8217;offre PACK WEBINARS<\/h4>\n<p><a href=\"https:\/\/www.cosmed.fr\/app\/uploads\/2020\/10\/programme-webinars-2020.pdf\" target=\"_blank\" rel=\"noopener\">Bouton t\u00e9l\u00e9charger le programme<\/a><\/p>\n<p><a href=\"https:\/\/www.cosmed.fr\/app\/uploads\/2020\/10\/bon-de-commande-webinar-2020.pdf\" target=\"_blank\" rel=\"noopener\">Bouton souscrire<\/a><\/p>\n\n            <\/div>\n\n            <div class=\"col-12 col-lg-6 image-container mt-3 mt-lg-0 \">\n                                <img decoding=\"async\" src=\"\" alt=\"\" class=\"img-fluid w-100\">\n            <\/div>\n\n        <\/div>\n\n    <\/div>\n\n<\/div><\/div>","protected":false},"excerpt":{"rendered":"<p>Service de veille r\u00e8glementaire cosm\u00e9tique COSMED VEILLE est un service de veille qui couvre la r\u00e9glementation cosm\u00e9tique europ\u00e9enne et internationale sur 120 pays. Un dispositif unique\u00a0de consultation vous permet\u00a0de: Recevoir par e-mail des\u00a0alertes de veille,\u00a0\u00e0 chaque \u00e9volution r\u00e9glementaire, B\u00e9n\u00e9ficier de\u00a0l\u2019assistance r\u00e9glementaire\u00a0pour poser vos questions \u00e0 une \u00e9quipe sp\u00e9cialis\u00e9e, Acc\u00e9der directement\u00a0aux textes applicables, tableaux de substances, [&hellip;]<\/p>\n","protected":false},"author":1,"featured_media":8496,"parent":0,"menu_order":0,"comment_status":"closed","ping_status":"closed","template":"","meta":{"_acf_changed":false,"footnotes":""},"class_list":["post-9464","page","type-page","status-publish","has-post-thumbnail","hentry"],"acf":[],"yoast_head":"<!-- This site is optimized with the Yoast SEO plugin v27.1.1 - https:\/\/yoast.com\/product\/yoast-seo-wordpress\/ -->\n<title>Cosmetic regulations - Cosmed<\/title>\n<meta name=\"robots\" content=\"index, follow, max-snippet:-1, max-image-preview:large, max-video-preview:-1\" \/>\n<link rel=\"canonical\" href=\"http:\/\/www.cosmed.fr\/en\/cosmetic-regulations\/\" \/>\n<meta property=\"og:locale\" content=\"en_US\" \/>\n<meta property=\"og:type\" content=\"article\" \/>\n<meta property=\"og:title\" content=\"Cosmetic regulations - Cosmed\" \/>\n<meta property=\"og:description\" content=\"Service de veille r\u00e8glementaire cosm\u00e9tique COSMED VEILLE est un service de veille qui couvre la r\u00e9glementation cosm\u00e9tique europ\u00e9enne et internationale sur 120 pays. Un dispositif unique\u00a0de consultation vous permet\u00a0de: Recevoir par e-mail des\u00a0alertes de veille,\u00a0\u00e0 chaque \u00e9volution r\u00e9glementaire, B\u00e9n\u00e9ficier de\u00a0l\u2019assistance r\u00e9glementaire\u00a0pour poser vos questions \u00e0 une \u00e9quipe sp\u00e9cialis\u00e9e, Acc\u00e9der directement\u00a0aux textes applicables, tableaux de substances, [&hellip;]\" \/>\n<meta property=\"og:url\" content=\"http:\/\/www.cosmed.fr\/en\/cosmetic-regulations\/\" \/>\n<meta property=\"og:site_name\" content=\"Cosmed\" \/>\n<meta property=\"article:modified_time\" content=\"2020-12-22T10:04:26+00:00\" \/>\n<meta property=\"og:image\" content=\"http:\/\/www.cosmed.fr\/app\/uploads\/2020\/12\/fotolia_59586597_xl-bis.jpg\" \/>\n\t<meta property=\"og:image:width\" content=\"1200\" \/>\n\t<meta property=\"og:image:height\" content=\"797\" \/>\n\t<meta property=\"og:image:type\" content=\"image\/jpeg\" \/>\n<meta name=\"twitter:card\" content=\"summary_large_image\" \/>\n<meta name=\"twitter:label1\" content=\"Est. reading time\" \/>\n\t<meta name=\"twitter:data1\" content=\"1 minute\" \/>\n<script type=\"application\/ld+json\" class=\"yoast-schema-graph\">{\"@context\":\"https:\/\/schema.org\",\"@graph\":[{\"@type\":\"WebPage\",\"@id\":\"http:\/\/www.cosmed.fr\/en\/cosmetic-regulations\/\",\"url\":\"http:\/\/www.cosmed.fr\/en\/cosmetic-regulations\/\",\"name\":\"Cosmetic regulations - Cosmed\",\"isPartOf\":{\"@id\":\"http:\/\/www.cosmed.fr\/#website\"},\"primaryImageOfPage\":{\"@id\":\"http:\/\/www.cosmed.fr\/en\/cosmetic-regulations\/#primaryimage\"},\"image\":{\"@id\":\"http:\/\/www.cosmed.fr\/en\/cosmetic-regulations\/#primaryimage\"},\"thumbnailUrl\":\"https:\/\/www.cosmed.fr\/app\/uploads\/2020\/12\/fotolia_59586597_xl-bis.jpg\",\"datePublished\":\"2020-12-21T15:40:02+00:00\",\"dateModified\":\"2020-12-22T10:04:26+00:00\",\"breadcrumb\":{\"@id\":\"http:\/\/www.cosmed.fr\/en\/cosmetic-regulations\/#breadcrumb\"},\"inLanguage\":\"en-US\",\"potentialAction\":[{\"@type\":\"ReadAction\",\"target\":[\"http:\/\/www.cosmed.fr\/en\/cosmetic-regulations\/\"]}]},{\"@type\":\"ImageObject\",\"inLanguage\":\"en-US\",\"@id\":\"http:\/\/www.cosmed.fr\/en\/cosmetic-regulations\/#primaryimage\",\"url\":\"https:\/\/www.cosmed.fr\/app\/uploads\/2020\/12\/fotolia_59586597_xl-bis.jpg\",\"contentUrl\":\"https:\/\/www.cosmed.fr\/app\/uploads\/2020\/12\/fotolia_59586597_xl-bis.jpg\",\"width\":1200,\"height\":797,\"caption\":\"regulatory monitorin\"},{\"@type\":\"BreadcrumbList\",\"@id\":\"http:\/\/www.cosmed.fr\/en\/cosmetic-regulations\/#breadcrumb\",\"itemListElement\":[{\"@type\":\"ListItem\",\"position\":1,\"name\":\"Home\",\"item\":\"https:\/\/www.cosmed.fr\/en\/\"},{\"@type\":\"ListItem\",\"position\":2,\"name\":\"Cosmetic regulations\"}]},{\"@type\":\"WebSite\",\"@id\":\"http:\/\/www.cosmed.fr\/#website\",\"url\":\"http:\/\/www.cosmed.fr\/\",\"name\":\"Cosmed\",\"description\":\"\",\"potentialAction\":[{\"@type\":\"SearchAction\",\"target\":{\"@type\":\"EntryPoint\",\"urlTemplate\":\"http:\/\/www.cosmed.fr\/?s={search_term_string}\"},\"query-input\":{\"@type\":\"PropertyValueSpecification\",\"valueRequired\":true,\"valueName\":\"search_term_string\"}}],\"inLanguage\":\"en-US\"}]}<\/script>\n<!-- \/ Yoast SEO plugin. -->","yoast_head_json":{"title":"Cosmetic regulations - Cosmed","robots":{"index":"index","follow":"follow","max-snippet":"max-snippet:-1","max-image-preview":"max-image-preview:large","max-video-preview":"max-video-preview:-1"},"canonical":"http:\/\/www.cosmed.fr\/en\/cosmetic-regulations\/","og_locale":"en_US","og_type":"article","og_title":"Cosmetic regulations - Cosmed","og_description":"Service de veille r\u00e8glementaire cosm\u00e9tique COSMED VEILLE est un service de veille qui couvre la r\u00e9glementation cosm\u00e9tique europ\u00e9enne et internationale sur 120 pays. Un dispositif unique\u00a0de consultation vous permet\u00a0de: Recevoir par e-mail des\u00a0alertes de veille,\u00a0\u00e0 chaque \u00e9volution r\u00e9glementaire, B\u00e9n\u00e9ficier de\u00a0l\u2019assistance r\u00e9glementaire\u00a0pour poser vos questions \u00e0 une \u00e9quipe sp\u00e9cialis\u00e9e, Acc\u00e9der directement\u00a0aux textes applicables, tableaux de substances, [&hellip;]","og_url":"http:\/\/www.cosmed.fr\/en\/cosmetic-regulations\/","og_site_name":"Cosmed","article_modified_time":"2020-12-22T10:04:26+00:00","og_image":[{"width":1200,"height":797,"url":"http:\/\/www.cosmed.fr\/app\/uploads\/2020\/12\/fotolia_59586597_xl-bis.jpg","type":"image\/jpeg"}],"twitter_card":"summary_large_image","twitter_misc":{"Est. reading time":"1 minute"},"schema":{"@context":"https:\/\/schema.org","@graph":[{"@type":"WebPage","@id":"http:\/\/www.cosmed.fr\/en\/cosmetic-regulations\/","url":"http:\/\/www.cosmed.fr\/en\/cosmetic-regulations\/","name":"Cosmetic regulations - Cosmed","isPartOf":{"@id":"http:\/\/www.cosmed.fr\/#website"},"primaryImageOfPage":{"@id":"http:\/\/www.cosmed.fr\/en\/cosmetic-regulations\/#primaryimage"},"image":{"@id":"http:\/\/www.cosmed.fr\/en\/cosmetic-regulations\/#primaryimage"},"thumbnailUrl":"https:\/\/www.cosmed.fr\/app\/uploads\/2020\/12\/fotolia_59586597_xl-bis.jpg","datePublished":"2020-12-21T15:40:02+00:00","dateModified":"2020-12-22T10:04:26+00:00","breadcrumb":{"@id":"http:\/\/www.cosmed.fr\/en\/cosmetic-regulations\/#breadcrumb"},"inLanguage":"en-US","potentialAction":[{"@type":"ReadAction","target":["http:\/\/www.cosmed.fr\/en\/cosmetic-regulations\/"]}]},{"@type":"ImageObject","inLanguage":"en-US","@id":"http:\/\/www.cosmed.fr\/en\/cosmetic-regulations\/#primaryimage","url":"https:\/\/www.cosmed.fr\/app\/uploads\/2020\/12\/fotolia_59586597_xl-bis.jpg","contentUrl":"https:\/\/www.cosmed.fr\/app\/uploads\/2020\/12\/fotolia_59586597_xl-bis.jpg","width":1200,"height":797,"caption":"regulatory monitorin"},{"@type":"BreadcrumbList","@id":"http:\/\/www.cosmed.fr\/en\/cosmetic-regulations\/#breadcrumb","itemListElement":[{"@type":"ListItem","position":1,"name":"Home","item":"https:\/\/www.cosmed.fr\/en\/"},{"@type":"ListItem","position":2,"name":"Cosmetic regulations"}]},{"@type":"WebSite","@id":"http:\/\/www.cosmed.fr\/#website","url":"http:\/\/www.cosmed.fr\/","name":"Cosmed","description":"","potentialAction":[{"@type":"SearchAction","target":{"@type":"EntryPoint","urlTemplate":"http:\/\/www.cosmed.fr\/?s={search_term_string}"},"query-input":{"@type":"PropertyValueSpecification","valueRequired":true,"valueName":"search_term_string"}}],"inLanguage":"en-US"}]}},"_links":{"self":[{"href":"https:\/\/www.cosmed.fr\/en\/wp-json\/wp\/v2\/pages\/9464","targetHints":{"allow":["GET"]}}],"collection":[{"href":"https:\/\/www.cosmed.fr\/en\/wp-json\/wp\/v2\/pages"}],"about":[{"href":"https:\/\/www.cosmed.fr\/en\/wp-json\/wp\/v2\/types\/page"}],"author":[{"embeddable":true,"href":"https:\/\/www.cosmed.fr\/en\/wp-json\/wp\/v2\/users\/1"}],"replies":[{"embeddable":true,"href":"https:\/\/www.cosmed.fr\/en\/wp-json\/wp\/v2\/comments?post=9464"}],"version-history":[{"count":2,"href":"https:\/\/www.cosmed.fr\/en\/wp-json\/wp\/v2\/pages\/9464\/revisions"}],"predecessor-version":[{"id":9539,"href":"https:\/\/www.cosmed.fr\/en\/wp-json\/wp\/v2\/pages\/9464\/revisions\/9539"}],"wp:featuredmedia":[{"embeddable":true,"href":"https:\/\/www.cosmed.fr\/en\/wp-json\/wp\/v2\/media\/8496"}],"wp:attachment":[{"href":"https:\/\/www.cosmed.fr\/en\/wp-json\/wp\/v2\/media?parent=9464"}],"curies":[{"name":"wp","href":"https:\/\/api.w.org\/{rel}","templated":true}]}}