{"id":9462,"date":"2020-12-21T15:38:03","date_gmt":"2020-12-21T15:38:03","guid":{"rendered":"https:\/\/www.cosmed.fr\/regulatory-tools\/your-tools-bpf-and-iso\/"},"modified":"2020-12-21T15:38:03","modified_gmt":"2020-12-21T15:38:03","slug":"your-tools-bpf-and-iso","status":"publish","type":"page","link":"https:\/\/www.cosmed.fr\/en\/regulatory-tools\/your-tools-bpf-and-iso\/","title":{"rendered":"Your tools BPF and ISO"},"content":{"rendered":"<div class=\"container\">\n<h2><span style=\"color: #ff0000;\">Exclusivit\u00e9 Cosmed !<\/span> Votre outil de calcul automatique de formules selon la norme ISO 16128 pour les produits cosm\u00e9tiques naturels et bio<\/h2>\n<p>COSMED a d\u00e9velopp\u00e9 un outil de calcul automatique de la naturalit\u00e9 et du bio selon la norme ISO 16128 sur cl\u00e9 USB. La cl\u00e9 USB Cosmed contient l\u2019int\u00e9gralit\u00e9 des deux parties de la norme ISO 16128-1 et 16128-2 ainsi que l\u2019outil de calcul.<\/p>\n<p><a class=\"btn\" title=\"Bon de commande Outils BPF\" href=\"https:\/\/www.cosmed.fr\/app\/uploads\/2012\/01\/bdcoutilnorme16128.pdf\" target=\"_blank\" rel=\"noopener noreferrer\">Remplir et retourner le bon de commande <\/a>\u00a0 \u00e0 St\u00e9phanie GARREL &#8211;\u00a0<a href=\"mailto:reglementaire@cosmed.fr\">reglementaire@cosmed.fr<\/a> &#8211; T : 04 42 22 30 40<\/p>\n<h2>Vos outils BPF COSMED BPF<\/h2>\n<p>Pour vous aider dans la mise en \u0153uvre et le respect des Bonnes Pratiques de Fabrication cosm\u00e9tique, COSMED a d\u00e9velopp\u00e9 des <strong>Outils BPF<\/strong> qui se pr\u00e9sentent sous cl\u00e9 USB.<\/p>\n<p>Ces outils ont \u00e9t\u00e9 \u00e9labor\u00e9s par des experts BPF et sont compos\u00e9s d&#8217;un \u00ab\u00a0Guide de Lecture\u00a0\u00bb ainsi que d&#8217;un \u00ab\u00a0Guide d\u2019Evaluation\u00a0\u00bb.<\/p>\n<p><a class=\"btn\" title=\"Bon de commande Outils BPF\" href=\"https:\/\/www.cosmed.fr\/app\/uploads\/2012\/01\/bon-de-commande-norme-outils-bpf.pdf\" target=\"_blank\" rel=\"noopener noreferrer\">Remplir et retourner le bon de commande<\/a>\u00a0 \u00e0 St\u00e9phanie GARREL &#8211;\u00a0<a href=\"mailto:reglementaire@cosmed.fr\">reglementaire@cosmed.fr<\/a> &#8211; T : 04 42 22 30 40<\/p>\n<h2>La d\u00e9livrance d&#8217;Attestation BPF COSMED<\/h2>\n<p>COSMED d\u00e9livre depuis Septembre 2012 des attestations BPF.<\/p>\n<p><span style=\"text-decoration: underline;\"><strong>IMPORTANT\u00a0: les attestations BPF sont effectu\u00e9es sur la Base du R\u00e8glement 1223\/ 2009 et sont d\u00e9livr\u00e9es exclusivement aux fins d\u2019exportation hors Europe.<\/strong><\/span><\/p>\n<p><a class=\"btn\" title=\"Bon de commande attestation BPF\" href=\"https:\/\/www.cosmed.fr\/app\/uploads\/2012\/01\/bon-de-commande_attestation-bpf.pdf\" target=\"_blank\" rel=\"noopener noreferrer\">Remplir et retourner le bon de commande<\/a>\u00a0 \u00e0 Elodie MORUCCI &#8211; <a title=\"Bon de commande attestation BPF\" href=\"mailto:elodie@cosmed.fr\" target=\"_blank\" rel=\"noopener noreferrer\">elodie@cosmed.fr<\/a> &#8211; T : 04 42 22 30 40<\/p>\n<h2>Diagnostic BPF COSMED<\/h2>\n<p>COSMED a d\u00e9velopp\u00e9 un outil de <strong>diagnostic visant \u00e0 identifier les points critiques de votre syst\u00e8me BPF<\/strong> et mettant en avant les exigences de la norme 22716 ainsi que les risques engendr\u00e9s par la non-conformit\u00e9 \u00e0 ces exigences.<\/p>\n<p>Ce diagnostic est initi\u00e9 \u00e0 la demande de la soci\u00e9t\u00e9 et est r\u00e9alis\u00e9 par un Expert BPF COSMED par t\u00e9l\u00e9phone (environ 30 minutes).<\/p>\n<p>Une check list <strong>des points identifi\u00e9s comme prioritaires<\/strong> par l\u2019expert vous sera transmise. Les \u00e9l\u00e9ments list\u00e9s <span style=\"text-decoration: underline;\">ne sont pas exhaustifs,<\/span>\u00a0l&#8217;ensemble des exigences de la norme 22716 devant\u00a0\u00eatre respect\u00e9es.<\/p>\n<p style=\"padding: 0cm; border: currentColor; line-height: normal; margin-bottom: 0pt;\">\n<p style=\"padding: 0cm; border: currentColor; line-height: normal; margin-bottom: 0pt;\">Co\u00fbt de la r\u00e9alisation d\u2019un diagnostic : 50 euros HT pour les adh\u00e9rents, 70 euros HT pour les non adh\u00e9rents.<\/p>\n<p style=\"padding: 0cm; border: currentColor; line-height: normal; margin-bottom: 0pt;\">\n<p>\u00a0<a class=\"btn\" title=\"Bon de commande attestation BPF\" href=\"https:\/\/www.cosmed.fr\/app\/uploads\/2012\/01\/bulletin-inscription-outil-de-diagnostic-bpf.pdf\" target=\"_blank\" rel=\"noopener noreferrer\">Remplir et retourner le bulletin d&#8217;inscription<\/a> \u00e0 Olivia MILESI <a href=\"mailto:contact@cosmed.fr\">contact@cosmed.fr<\/a><\/p>\n<p class=\"blue\"><a class=\"btn\" title=\"Diagnostic BPF\" href=\"http:\/\/diagnosticbpf.cosmed.fr\/index.php\/763671\" target=\"_blank\" rel=\"noopener noreferrer\">Acc\u00e9s expertS BPF<\/a><\/p>\n<\/div>\n","protected":false},"excerpt":{"rendered":"<p>Exclusivit\u00e9 Cosmed ! Votre outil de calcul automatique de formules selon la norme ISO 16128 pour les produits cosm\u00e9tiques naturels et bio COSMED a d\u00e9velopp\u00e9 un outil de calcul automatique de la naturalit\u00e9 et du bio selon la norme ISO 16128 sur cl\u00e9 USB. La cl\u00e9 USB Cosmed contient l\u2019int\u00e9gralit\u00e9 des deux parties de la [&hellip;]<\/p>\n","protected":false},"author":30880,"featured_media":0,"parent":9460,"menu_order":2,"comment_status":"closed","ping_status":"closed","template":"","meta":{"_acf_changed":false,"footnotes":""},"class_list":["post-9462","page","type-page","status-publish","hentry"],"acf":[],"yoast_head":"<!-- This site is optimized with the Yoast SEO plugin v27.1.1 - https:\/\/yoast.com\/product\/yoast-seo-wordpress\/ -->\n<title>Your tools BPF and ISO - Cosmed<\/title>\n<meta name=\"robots\" content=\"index, follow, max-snippet:-1, max-image-preview:large, max-video-preview:-1\" \/>\n<link rel=\"canonical\" href=\"https:\/\/www.cosmed.fr\/en\/regulatory-tools\/your-tools-bpf-and-iso\/\" \/>\n<meta property=\"og:locale\" content=\"en_US\" \/>\n<meta property=\"og:type\" content=\"article\" \/>\n<meta property=\"og:title\" content=\"Your tools BPF and ISO - Cosmed\" \/>\n<meta property=\"og:description\" content=\"Exclusivit\u00e9 Cosmed ! Votre outil de calcul automatique de formules selon la norme ISO 16128 pour les produits cosm\u00e9tiques naturels et bio COSMED a d\u00e9velopp\u00e9 un outil de calcul automatique de la naturalit\u00e9 et du bio selon la norme ISO 16128 sur cl\u00e9 USB. La cl\u00e9 USB Cosmed contient l\u2019int\u00e9gralit\u00e9 des deux parties de la [&hellip;]\" \/>\n<meta property=\"og:url\" content=\"https:\/\/www.cosmed.fr\/en\/regulatory-tools\/your-tools-bpf-and-iso\/\" \/>\n<meta property=\"og:site_name\" content=\"Cosmed\" \/>\n<meta name=\"twitter:card\" content=\"summary_large_image\" \/>\n<meta name=\"twitter:label1\" content=\"Est. reading time\" \/>\n\t<meta name=\"twitter:data1\" content=\"2 minutes\" \/>\n<script type=\"application\/ld+json\" class=\"yoast-schema-graph\">{\"@context\":\"https:\/\/schema.org\",\"@graph\":[{\"@type\":\"WebPage\",\"@id\":\"https:\/\/www.cosmed.fr\/en\/regulatory-tools\/your-tools-bpf-and-iso\/\",\"url\":\"https:\/\/www.cosmed.fr\/en\/regulatory-tools\/your-tools-bpf-and-iso\/\",\"name\":\"Your tools BPF and ISO - Cosmed\",\"isPartOf\":{\"@id\":\"https:\/\/www.cosmed.fr\/#website\"},\"datePublished\":\"2020-12-21T15:38:03+00:00\",\"breadcrumb\":{\"@id\":\"https:\/\/www.cosmed.fr\/en\/regulatory-tools\/your-tools-bpf-and-iso\/#breadcrumb\"},\"inLanguage\":\"en-US\",\"potentialAction\":[{\"@type\":\"ReadAction\",\"target\":[\"https:\/\/www.cosmed.fr\/en\/regulatory-tools\/your-tools-bpf-and-iso\/\"]}]},{\"@type\":\"BreadcrumbList\",\"@id\":\"https:\/\/www.cosmed.fr\/en\/regulatory-tools\/your-tools-bpf-and-iso\/#breadcrumb\",\"itemListElement\":[{\"@type\":\"ListItem\",\"position\":1,\"name\":\"Home\",\"item\":\"https:\/\/www.cosmed.fr\/en\/\"},{\"@type\":\"ListItem\",\"position\":2,\"name\":\"Regulatory tools\",\"item\":\"https:\/\/www.cosmed.fr\/en\/regulatory-tools\/\"},{\"@type\":\"ListItem\",\"position\":3,\"name\":\"Your tools BPF and ISO\"}]},{\"@type\":\"WebSite\",\"@id\":\"https:\/\/www.cosmed.fr\/#website\",\"url\":\"https:\/\/www.cosmed.fr\/\",\"name\":\"Cosmed\",\"description\":\"\",\"potentialAction\":[{\"@type\":\"SearchAction\",\"target\":{\"@type\":\"EntryPoint\",\"urlTemplate\":\"https:\/\/www.cosmed.fr\/?s={search_term_string}\"},\"query-input\":{\"@type\":\"PropertyValueSpecification\",\"valueRequired\":true,\"valueName\":\"search_term_string\"}}],\"inLanguage\":\"en-US\"}]}<\/script>\n<!-- \/ Yoast SEO plugin. -->","yoast_head_json":{"title":"Your tools BPF and ISO - Cosmed","robots":{"index":"index","follow":"follow","max-snippet":"max-snippet:-1","max-image-preview":"max-image-preview:large","max-video-preview":"max-video-preview:-1"},"canonical":"https:\/\/www.cosmed.fr\/en\/regulatory-tools\/your-tools-bpf-and-iso\/","og_locale":"en_US","og_type":"article","og_title":"Your tools BPF and ISO - Cosmed","og_description":"Exclusivit\u00e9 Cosmed ! Votre outil de calcul automatique de formules selon la norme ISO 16128 pour les produits cosm\u00e9tiques naturels et bio COSMED a d\u00e9velopp\u00e9 un outil de calcul automatique de la naturalit\u00e9 et du bio selon la norme ISO 16128 sur cl\u00e9 USB. La cl\u00e9 USB Cosmed contient l\u2019int\u00e9gralit\u00e9 des deux parties de la [&hellip;]","og_url":"https:\/\/www.cosmed.fr\/en\/regulatory-tools\/your-tools-bpf-and-iso\/","og_site_name":"Cosmed","twitter_card":"summary_large_image","twitter_misc":{"Est. reading time":"2 minutes"},"schema":{"@context":"https:\/\/schema.org","@graph":[{"@type":"WebPage","@id":"https:\/\/www.cosmed.fr\/en\/regulatory-tools\/your-tools-bpf-and-iso\/","url":"https:\/\/www.cosmed.fr\/en\/regulatory-tools\/your-tools-bpf-and-iso\/","name":"Your tools BPF and ISO - Cosmed","isPartOf":{"@id":"https:\/\/www.cosmed.fr\/#website"},"datePublished":"2020-12-21T15:38:03+00:00","breadcrumb":{"@id":"https:\/\/www.cosmed.fr\/en\/regulatory-tools\/your-tools-bpf-and-iso\/#breadcrumb"},"inLanguage":"en-US","potentialAction":[{"@type":"ReadAction","target":["https:\/\/www.cosmed.fr\/en\/regulatory-tools\/your-tools-bpf-and-iso\/"]}]},{"@type":"BreadcrumbList","@id":"https:\/\/www.cosmed.fr\/en\/regulatory-tools\/your-tools-bpf-and-iso\/#breadcrumb","itemListElement":[{"@type":"ListItem","position":1,"name":"Home","item":"https:\/\/www.cosmed.fr\/en\/"},{"@type":"ListItem","position":2,"name":"Regulatory tools","item":"https:\/\/www.cosmed.fr\/en\/regulatory-tools\/"},{"@type":"ListItem","position":3,"name":"Your tools BPF and ISO"}]},{"@type":"WebSite","@id":"https:\/\/www.cosmed.fr\/#website","url":"https:\/\/www.cosmed.fr\/","name":"Cosmed","description":"","potentialAction":[{"@type":"SearchAction","target":{"@type":"EntryPoint","urlTemplate":"https:\/\/www.cosmed.fr\/?s={search_term_string}"},"query-input":{"@type":"PropertyValueSpecification","valueRequired":true,"valueName":"search_term_string"}}],"inLanguage":"en-US"}]}},"_links":{"self":[{"href":"https:\/\/www.cosmed.fr\/en\/wp-json\/wp\/v2\/pages\/9462","targetHints":{"allow":["GET"]}}],"collection":[{"href":"https:\/\/www.cosmed.fr\/en\/wp-json\/wp\/v2\/pages"}],"about":[{"href":"https:\/\/www.cosmed.fr\/en\/wp-json\/wp\/v2\/types\/page"}],"author":[{"embeddable":true,"href":"https:\/\/www.cosmed.fr\/en\/wp-json\/wp\/v2\/users\/30880"}],"replies":[{"embeddable":true,"href":"https:\/\/www.cosmed.fr\/en\/wp-json\/wp\/v2\/comments?post=9462"}],"version-history":[{"count":0,"href":"https:\/\/www.cosmed.fr\/en\/wp-json\/wp\/v2\/pages\/9462\/revisions"}],"up":[{"embeddable":true,"href":"https:\/\/www.cosmed.fr\/en\/wp-json\/wp\/v2\/pages\/9460"}],"wp:attachment":[{"href":"https:\/\/www.cosmed.fr\/en\/wp-json\/wp\/v2\/media?parent=9462"}],"curies":[{"name":"wp","href":"https:\/\/api.w.org\/{rel}","templated":true}]}}