{"id":8929,"date":"2020-12-17T15:58:06","date_gmt":"2020-12-17T15:58:06","guid":{"rendered":"https:\/\/www.cosmed.fr\/verif-inci\/"},"modified":"2024-07-24T07:13:58","modified_gmt":"2024-07-24T07:13:58","slug":"verif-inci","status":"publish","type":"page","link":"https:\/\/www.cosmed.fr\/en\/regulatory-tools\/verif-inci\/","title":{"rendered":"Verif\u00ae INCI*"},"content":{"rendered":"<div class=\"container\"><strong>V\u00e9rif<em>\u00ae<\/em> INCI* \u00e9volue et d\u00e9vient \u00a0Verif<em>\u00ae<\/em> INCI* Premium !<\/strong> V\u00e9rif<em>\u00ae<\/em> INCI* vous permettait de v\u00e9rifier vos liste d\u2019ingr\u00e9dients selon le glossaire europ\u00e9en des d\u00e9nominations communes des ingr\u00e9dients cosm\u00e9tiques et les annexes du r\u00e8glement europ\u00e9en (CE) N\u00b01223\/2009. <strong>Verif<em>\u00ae<\/em> INCI* Premium<\/strong>\u00a0vous permet dor\u00e9navant:<\/p>\n<ul>\n<li class=\"m_5678809059436646996MsoListParagraph\"><strong>D\u2019avoir acc\u00e8s \u00e0 des propositions de correction en cas d\u2019erreur,<\/strong><\/li>\n<li class=\"m_5678809059436646996MsoListParagraph\"><strong>De v\u00e9rifier la pr\u00e9sence de la substance dans les annexes du r\u00e8glement europ\u00e9en (CE) n\u00b01223\/2009 et le cas \u00e9ch\u00e9ant, les conditions d\u2019utilisation\u00a0de celle-ci.<\/strong><\/li>\n<\/ul>\n<p>Cet outil est mis \u00e0 jour en fonction des \u00e9volutions du Glossaire.\u00a0Cet outil est disponible gratuitement pour les adh\u00e9rents COSMED et\/ou les abonn\u00e9s au service de veille r\u00e8glementaire. Pour adh\u00e9rer \u00e0 l\u2019Association Cosmed\u00a0:\u00a0\u00a0<a href=\"fr\/newsletter-2\/14-cosmed\/3-adherer\">cliquez ic<\/a>i Pour vous abonner \u00e0 la veille r\u00e8glementaire\u00a0:\u00a0\u00a0<a href=\"fr\/veille-reglementaire\/cosmed-veille\">cliquez ici<\/a><\/p>\n<p style=\"text-align: right;\"><em>* La marque INCI\u00ae est la propri\u00e9t\u00e9 de l\u2019Association PCPC. Son utilisation est encadr\u00e9e par un contrat de licence avec cette derni\u00e8re.<\/em><\/p>\n<\/div>\n","protected":false},"excerpt":{"rendered":"<p>V\u00e9rif\u00ae INCI* \u00e9volue et d\u00e9vient \u00a0Verif\u00ae INCI* Premium ! V\u00e9rif\u00ae INCI* vous permettait de v\u00e9rifier vos liste d\u2019ingr\u00e9dients selon le glossaire europ\u00e9en des d\u00e9nominations communes des ingr\u00e9dients cosm\u00e9tiques et les annexes du r\u00e8glement europ\u00e9en (CE) N\u00b01223\/2009. Verif\u00ae INCI* Premium\u00a0vous permet dor\u00e9navant: D\u2019avoir acc\u00e8s \u00e0 des propositions de correction en cas d\u2019erreur, De v\u00e9rifier la pr\u00e9sence [&hellip;]<\/p>\n","protected":false},"author":30881,"featured_media":0,"parent":9460,"menu_order":3,"comment_status":"closed","ping_status":"closed","template":"","meta":{"_acf_changed":false,"footnotes":""},"class_list":["post-8929","page","type-page","status-publish","hentry"],"acf":[],"yoast_head":"<!-- This site is optimized with the Yoast SEO plugin v27.1.1 - https:\/\/yoast.com\/product\/yoast-seo-wordpress\/ -->\n<title>Verif\u00ae INCI* - Cosmed<\/title>\n<meta name=\"robots\" content=\"index, follow, max-snippet:-1, max-image-preview:large, max-video-preview:-1\" \/>\n<link rel=\"canonical\" href=\"https:\/\/www.cosmed.fr\/en\/regulatory-tools\/verif-inci\/\" \/>\n<meta property=\"og:locale\" content=\"en_US\" \/>\n<meta property=\"og:type\" content=\"article\" \/>\n<meta property=\"og:title\" content=\"Verif\u00ae INCI* - Cosmed\" \/>\n<meta property=\"og:description\" content=\"V\u00e9rif\u00ae INCI* \u00e9volue et d\u00e9vient \u00a0Verif\u00ae INCI* Premium ! V\u00e9rif\u00ae INCI* vous permettait de v\u00e9rifier vos liste d\u2019ingr\u00e9dients selon le glossaire europ\u00e9en des d\u00e9nominations communes des ingr\u00e9dients cosm\u00e9tiques et les annexes du r\u00e8glement europ\u00e9en (CE) N\u00b01223\/2009. Verif\u00ae INCI* Premium\u00a0vous permet dor\u00e9navant: D\u2019avoir acc\u00e8s \u00e0 des propositions de correction en cas d\u2019erreur, De v\u00e9rifier la pr\u00e9sence [&hellip;]\" \/>\n<meta property=\"og:url\" content=\"https:\/\/www.cosmed.fr\/en\/regulatory-tools\/verif-inci\/\" \/>\n<meta property=\"og:site_name\" content=\"Cosmed\" \/>\n<meta property=\"article:modified_time\" content=\"2024-07-24T07:13:58+00:00\" \/>\n<meta name=\"twitter:card\" content=\"summary_large_image\" \/>\n<meta name=\"twitter:label1\" content=\"Est. reading time\" \/>\n\t<meta name=\"twitter:data1\" content=\"1 minute\" \/>\n<script type=\"application\/ld+json\" class=\"yoast-schema-graph\">{\"@context\":\"https:\/\/schema.org\",\"@graph\":[{\"@type\":\"WebPage\",\"@id\":\"https:\/\/www.cosmed.fr\/en\/regulatory-tools\/verif-inci\/\",\"url\":\"https:\/\/www.cosmed.fr\/en\/regulatory-tools\/verif-inci\/\",\"name\":\"Verif\u00ae INCI* - Cosmed\",\"isPartOf\":{\"@id\":\"https:\/\/www.cosmed.fr\/en\/#website\"},\"datePublished\":\"2020-12-17T15:58:06+00:00\",\"dateModified\":\"2024-07-24T07:13:58+00:00\",\"breadcrumb\":{\"@id\":\"https:\/\/www.cosmed.fr\/en\/regulatory-tools\/verif-inci\/#breadcrumb\"},\"inLanguage\":\"en-US\",\"potentialAction\":[{\"@type\":\"ReadAction\",\"target\":[\"https:\/\/www.cosmed.fr\/en\/regulatory-tools\/verif-inci\/\"]}]},{\"@type\":\"BreadcrumbList\",\"@id\":\"https:\/\/www.cosmed.fr\/en\/regulatory-tools\/verif-inci\/#breadcrumb\",\"itemListElement\":[{\"@type\":\"ListItem\",\"position\":1,\"name\":\"Home\",\"item\":\"https:\/\/www.cosmed.fr\/en\/\"},{\"@type\":\"ListItem\",\"position\":2,\"name\":\"Regulatory tools\",\"item\":\"https:\/\/www.cosmed.fr\/en\/regulatory-tools\/\"},{\"@type\":\"ListItem\",\"position\":3,\"name\":\"Verif\u00ae INCI*\"}]},{\"@type\":\"WebSite\",\"@id\":\"https:\/\/www.cosmed.fr\/en\/#website\",\"url\":\"https:\/\/www.cosmed.fr\/en\/\",\"name\":\"Cosmed\",\"description\":\"\",\"potentialAction\":[{\"@type\":\"SearchAction\",\"target\":{\"@type\":\"EntryPoint\",\"urlTemplate\":\"https:\/\/www.cosmed.fr\/en\/?s={search_term_string}\"},\"query-input\":{\"@type\":\"PropertyValueSpecification\",\"valueRequired\":true,\"valueName\":\"search_term_string\"}}],\"inLanguage\":\"en-US\"}]}<\/script>\n<!-- \/ Yoast SEO plugin. -->","yoast_head_json":{"title":"Verif\u00ae INCI* - Cosmed","robots":{"index":"index","follow":"follow","max-snippet":"max-snippet:-1","max-image-preview":"max-image-preview:large","max-video-preview":"max-video-preview:-1"},"canonical":"https:\/\/www.cosmed.fr\/en\/regulatory-tools\/verif-inci\/","og_locale":"en_US","og_type":"article","og_title":"Verif\u00ae INCI* - Cosmed","og_description":"V\u00e9rif\u00ae INCI* \u00e9volue et d\u00e9vient \u00a0Verif\u00ae INCI* Premium ! V\u00e9rif\u00ae INCI* vous permettait de v\u00e9rifier vos liste d\u2019ingr\u00e9dients selon le glossaire europ\u00e9en des d\u00e9nominations communes des ingr\u00e9dients cosm\u00e9tiques et les annexes du r\u00e8glement europ\u00e9en (CE) N\u00b01223\/2009. Verif\u00ae INCI* Premium\u00a0vous permet dor\u00e9navant: D\u2019avoir acc\u00e8s \u00e0 des propositions de correction en cas d\u2019erreur, De v\u00e9rifier la pr\u00e9sence [&hellip;]","og_url":"https:\/\/www.cosmed.fr\/en\/regulatory-tools\/verif-inci\/","og_site_name":"Cosmed","article_modified_time":"2024-07-24T07:13:58+00:00","twitter_card":"summary_large_image","twitter_misc":{"Est. reading time":"1 minute"},"schema":{"@context":"https:\/\/schema.org","@graph":[{"@type":"WebPage","@id":"https:\/\/www.cosmed.fr\/en\/regulatory-tools\/verif-inci\/","url":"https:\/\/www.cosmed.fr\/en\/regulatory-tools\/verif-inci\/","name":"Verif\u00ae INCI* - Cosmed","isPartOf":{"@id":"https:\/\/www.cosmed.fr\/en\/#website"},"datePublished":"2020-12-17T15:58:06+00:00","dateModified":"2024-07-24T07:13:58+00:00","breadcrumb":{"@id":"https:\/\/www.cosmed.fr\/en\/regulatory-tools\/verif-inci\/#breadcrumb"},"inLanguage":"en-US","potentialAction":[{"@type":"ReadAction","target":["https:\/\/www.cosmed.fr\/en\/regulatory-tools\/verif-inci\/"]}]},{"@type":"BreadcrumbList","@id":"https:\/\/www.cosmed.fr\/en\/regulatory-tools\/verif-inci\/#breadcrumb","itemListElement":[{"@type":"ListItem","position":1,"name":"Home","item":"https:\/\/www.cosmed.fr\/en\/"},{"@type":"ListItem","position":2,"name":"Regulatory tools","item":"https:\/\/www.cosmed.fr\/en\/regulatory-tools\/"},{"@type":"ListItem","position":3,"name":"Verif\u00ae INCI*"}]},{"@type":"WebSite","@id":"https:\/\/www.cosmed.fr\/en\/#website","url":"https:\/\/www.cosmed.fr\/en\/","name":"Cosmed","description":"","potentialAction":[{"@type":"SearchAction","target":{"@type":"EntryPoint","urlTemplate":"https:\/\/www.cosmed.fr\/en\/?s={search_term_string}"},"query-input":{"@type":"PropertyValueSpecification","valueRequired":true,"valueName":"search_term_string"}}],"inLanguage":"en-US"}]}},"_links":{"self":[{"href":"https:\/\/www.cosmed.fr\/en\/wp-json\/wp\/v2\/pages\/8929","targetHints":{"allow":["GET"]}}],"collection":[{"href":"https:\/\/www.cosmed.fr\/en\/wp-json\/wp\/v2\/pages"}],"about":[{"href":"https:\/\/www.cosmed.fr\/en\/wp-json\/wp\/v2\/types\/page"}],"author":[{"embeddable":true,"href":"https:\/\/www.cosmed.fr\/en\/wp-json\/wp\/v2\/users\/30881"}],"replies":[{"embeddable":true,"href":"https:\/\/www.cosmed.fr\/en\/wp-json\/wp\/v2\/comments?post=8929"}],"version-history":[{"count":5,"href":"https:\/\/www.cosmed.fr\/en\/wp-json\/wp\/v2\/pages\/8929\/revisions"}],"predecessor-version":[{"id":40520,"href":"https:\/\/www.cosmed.fr\/en\/wp-json\/wp\/v2\/pages\/8929\/revisions\/40520"}],"up":[{"embeddable":true,"href":"https:\/\/www.cosmed.fr\/en\/wp-json\/wp\/v2\/pages\/9460"}],"wp:attachment":[{"href":"https:\/\/www.cosmed.fr\/en\/wp-json\/wp\/v2\/media?parent=8929"}],"curies":[{"name":"wp","href":"https:\/\/api.w.org\/{rel}","templated":true}]}}