{"id":8281,"date":"2020-12-04T13:48:40","date_gmt":"2020-12-04T13:48:40","guid":{"rendered":"https:\/\/www.cosmed.fr\/training-webinars\/list-of-webinars\/"},"modified":"2021-03-24T17:21:56","modified_gmt":"2021-03-24T17:21:56","slug":"webinars","status":"publish","type":"page","link":"https:\/\/www.cosmed.fr\/en\/training-webinars\/webinars\/","title":{"rendered":"Webinars"},"content":{"rendered":"<div class=\"container\"><div class=\"block-two-col-content\">\n\n    <div class=\"container overflow-hidden\">\n\n        <div class=\"row large-gutters\">\n\n            <div class=\"col-12 col-lg-6\">\n                                    \n                    <h2 class=\"block-title\">Webinar financement innovation<\/h2>\n                                <h3>Jeudi 25 f\u00e9vrier 2021 &#8211; 11h \u00e0 12h<\/h3>\n<h3>Financer mon projet innovant en cosm\u00e9tique : quelles opportunit\u00e9s ?<\/h3>\n<p>Vous \u00eates une entreprise de la r\u00e9gion Sud, Auvergne-Rh\u00f4ne-Alpes ou Occitanie ?<\/p>\n<p>Financez votre projet avec le P\u00f4le Innov\u2019Alliance :<br \/>\n\u2022 \u00ab Accompagnement \u00e0 l\u2019innovation \u00bb : Les dispositifs de financement de l\u2019innovation &amp; partenariats<br \/>\n\u2022 Des cas pratiques appliqu\u00e9s \u00e0 la cosm\u00e9tique : financement de projets individuels, collaboratifs et europ\u00e9ens<\/p>\n<p><a class=\"fasc-button fasc-size-medium fasc-type-flat\" style=\"background-color: #33809e; color: #ffffff;\" href=\"https:\/\/register.gotowebinar.com\/register\/1664801753645482768\">inscription<\/a><\/p>\n\n            <\/div>\n\n            <div class=\"col-12 col-lg-6 image-container mt-3 mt-lg-0 \">\n                                <img decoding=\"async\" src=\"https:\/\/www.cosmed.fr\/app\/uploads\/2021\/01\/webinar-financement-innovalliance-768x872.png\" alt=\"\" class=\"img-fluid w-100\">\n            <\/div>\n\n        <\/div>\n\n    <\/div>\n\n<\/div><\/div>\n\n<div class=\"container\"><div class=\"block-two-col-content\">\n\n    <div class=\"container overflow-hidden\">\n\n        <div class=\"row large-gutters\">\n\n            <div class=\"col-12 col-lg-6\">\n                                \n            <\/div>\n\n            <div class=\"col-12 col-lg-6 image-container mt-3 mt-lg-0 \">\n                                <img decoding=\"async\" src=\"\" alt=\"\" class=\"img-fluid w-100\">\n            <\/div>\n\n        <\/div>\n\n    <\/div>\n\n<\/div><\/div>\n\n<div class=\"container\"><div class=\"block-two-col-content\">\n\n    <div class=\"container overflow-hidden\">\n\n        <div class=\"row large-gutters\">\n\n            <div class=\"col-12 col-lg-6\">\n                                \n            <\/div>\n\n            <div class=\"col-12 col-lg-6 image-container mt-3 mt-lg-0 \">\n                                <img decoding=\"async\" src=\"\" alt=\"\" class=\"img-fluid w-100\">\n            <\/div>\n\n        <\/div>\n\n    <\/div>\n\n<\/div><\/div>","protected":false},"excerpt":{"rendered":"","protected":false},"author":30881,"featured_media":8470,"parent":9448,"menu_order":2,"comment_status":"closed","ping_status":"closed","template":"template-webinar.php","meta":{"_acf_changed":false,"footnotes":""},"class_list":["post-8281","page","type-page","status-publish","has-post-thumbnail","hentry"],"acf":[],"yoast_head":"<!-- This site is optimized with the Yoast SEO plugin v27.1.1 - https:\/\/yoast.com\/product\/yoast-seo-wordpress\/ -->\n<title>Webinars - Cosmed cosmetic regulation<\/title>\n<meta name=\"description\" content=\"All year round, Cosmed organises webinars on cosmetic regulations in France, Europe and internationally in 120 countries.\" \/>\n<meta name=\"robots\" content=\"index, follow, max-snippet:-1, max-image-preview:large, max-video-preview:-1\" \/>\n<link rel=\"canonical\" href=\"https:\/\/www.cosmed.fr\/en\/training-webinars\/webinars\/\" \/>\n<meta property=\"og:locale\" content=\"en_US\" \/>\n<meta property=\"og:type\" content=\"article\" \/>\n<meta property=\"og:title\" content=\"Webinars - Cosmed cosmetic regulation\" \/>\n<meta property=\"og:description\" content=\"All year round, Cosmed organises webinars on cosmetic regulations in France, Europe and internationally in 120 countries.\" \/>\n<meta property=\"og:url\" content=\"https:\/\/www.cosmed.fr\/en\/training-webinars\/webinars\/\" \/>\n<meta property=\"og:site_name\" content=\"Cosmed\" \/>\n<meta property=\"article:modified_time\" content=\"2021-03-24T17:21:56+00:00\" \/>\n<meta property=\"og:image\" content=\"https:\/\/www.cosmed.fr\/app\/uploads\/2020\/12\/en-ligne.jpg\" \/>\n\t<meta property=\"og:image:width\" content=\"810\" \/>\n\t<meta property=\"og:image:height\" content=\"220\" \/>\n\t<meta property=\"og:image:type\" content=\"image\/jpeg\" \/>\n<meta name=\"twitter:card\" content=\"summary_large_image\" \/>\n<script type=\"application\/ld+json\" class=\"yoast-schema-graph\">{\"@context\":\"https:\/\/schema.org\",\"@graph\":[{\"@type\":\"WebPage\",\"@id\":\"https:\/\/www.cosmed.fr\/en\/training-webinars\/webinars\/\",\"url\":\"https:\/\/www.cosmed.fr\/en\/training-webinars\/webinars\/\",\"name\":\"Webinars - Cosmed cosmetic regulation\",\"isPartOf\":{\"@id\":\"https:\/\/www.cosmed.fr\/en\/#website\"},\"primaryImageOfPage\":{\"@id\":\"https:\/\/www.cosmed.fr\/en\/training-webinars\/webinars\/#primaryimage\"},\"image\":{\"@id\":\"https:\/\/www.cosmed.fr\/en\/training-webinars\/webinars\/#primaryimage\"},\"thumbnailUrl\":\"https:\/\/www.cosmed.fr\/app\/uploads\/2020\/12\/en-ligne.jpg\",\"datePublished\":\"2020-12-04T13:48:40+00:00\",\"dateModified\":\"2021-03-24T17:21:56+00:00\",\"description\":\"All year round, Cosmed organises webinars on cosmetic regulations in France, Europe and internationally in 120 countries.\",\"breadcrumb\":{\"@id\":\"https:\/\/www.cosmed.fr\/en\/training-webinars\/webinars\/#breadcrumb\"},\"inLanguage\":\"en-US\",\"potentialAction\":[{\"@type\":\"ReadAction\",\"target\":[\"https:\/\/www.cosmed.fr\/en\/training-webinars\/webinars\/\"]}]},{\"@type\":\"ImageObject\",\"inLanguage\":\"en-US\",\"@id\":\"https:\/\/www.cosmed.fr\/en\/training-webinars\/webinars\/#primaryimage\",\"url\":\"https:\/\/www.cosmed.fr\/app\/uploads\/2020\/12\/en-ligne.jpg\",\"contentUrl\":\"https:\/\/www.cosmed.fr\/app\/uploads\/2020\/12\/en-ligne.jpg\",\"width\":810,\"height\":220},{\"@type\":\"BreadcrumbList\",\"@id\":\"https:\/\/www.cosmed.fr\/en\/training-webinars\/webinars\/#breadcrumb\",\"itemListElement\":[{\"@type\":\"ListItem\",\"position\":1,\"name\":\"Home\",\"item\":\"https:\/\/www.cosmed.fr\/en\/\"},{\"@type\":\"ListItem\",\"position\":2,\"name\":\"Training &#038; webinars\",\"item\":\"https:\/\/www.cosmed.fr\/en\/training-webinars\/\"},{\"@type\":\"ListItem\",\"position\":3,\"name\":\"Webinars\"}]},{\"@type\":\"WebSite\",\"@id\":\"https:\/\/www.cosmed.fr\/en\/#website\",\"url\":\"https:\/\/www.cosmed.fr\/en\/\",\"name\":\"Cosmed\",\"description\":\"\",\"potentialAction\":[{\"@type\":\"SearchAction\",\"target\":{\"@type\":\"EntryPoint\",\"urlTemplate\":\"https:\/\/www.cosmed.fr\/en\/?s={search_term_string}\"},\"query-input\":{\"@type\":\"PropertyValueSpecification\",\"valueRequired\":true,\"valueName\":\"search_term_string\"}}],\"inLanguage\":\"en-US\"}]}<\/script>\n<!-- \/ Yoast SEO plugin. -->","yoast_head_json":{"title":"Webinars - Cosmed cosmetic regulation","description":"All year round, Cosmed organises webinars on cosmetic regulations in France, Europe and internationally in 120 countries.","robots":{"index":"index","follow":"follow","max-snippet":"max-snippet:-1","max-image-preview":"max-image-preview:large","max-video-preview":"max-video-preview:-1"},"canonical":"https:\/\/www.cosmed.fr\/en\/training-webinars\/webinars\/","og_locale":"en_US","og_type":"article","og_title":"Webinars - Cosmed cosmetic regulation","og_description":"All year round, Cosmed organises webinars on cosmetic regulations in France, Europe and internationally in 120 countries.","og_url":"https:\/\/www.cosmed.fr\/en\/training-webinars\/webinars\/","og_site_name":"Cosmed","article_modified_time":"2021-03-24T17:21:56+00:00","og_image":[{"width":810,"height":220,"url":"https:\/\/www.cosmed.fr\/app\/uploads\/2020\/12\/en-ligne.jpg","type":"image\/jpeg"}],"twitter_card":"summary_large_image","schema":{"@context":"https:\/\/schema.org","@graph":[{"@type":"WebPage","@id":"https:\/\/www.cosmed.fr\/en\/training-webinars\/webinars\/","url":"https:\/\/www.cosmed.fr\/en\/training-webinars\/webinars\/","name":"Webinars - Cosmed cosmetic regulation","isPartOf":{"@id":"https:\/\/www.cosmed.fr\/en\/#website"},"primaryImageOfPage":{"@id":"https:\/\/www.cosmed.fr\/en\/training-webinars\/webinars\/#primaryimage"},"image":{"@id":"https:\/\/www.cosmed.fr\/en\/training-webinars\/webinars\/#primaryimage"},"thumbnailUrl":"https:\/\/www.cosmed.fr\/app\/uploads\/2020\/12\/en-ligne.jpg","datePublished":"2020-12-04T13:48:40+00:00","dateModified":"2021-03-24T17:21:56+00:00","description":"All year round, Cosmed organises webinars on cosmetic regulations in France, Europe and internationally in 120 countries.","breadcrumb":{"@id":"https:\/\/www.cosmed.fr\/en\/training-webinars\/webinars\/#breadcrumb"},"inLanguage":"en-US","potentialAction":[{"@type":"ReadAction","target":["https:\/\/www.cosmed.fr\/en\/training-webinars\/webinars\/"]}]},{"@type":"ImageObject","inLanguage":"en-US","@id":"https:\/\/www.cosmed.fr\/en\/training-webinars\/webinars\/#primaryimage","url":"https:\/\/www.cosmed.fr\/app\/uploads\/2020\/12\/en-ligne.jpg","contentUrl":"https:\/\/www.cosmed.fr\/app\/uploads\/2020\/12\/en-ligne.jpg","width":810,"height":220},{"@type":"BreadcrumbList","@id":"https:\/\/www.cosmed.fr\/en\/training-webinars\/webinars\/#breadcrumb","itemListElement":[{"@type":"ListItem","position":1,"name":"Home","item":"https:\/\/www.cosmed.fr\/en\/"},{"@type":"ListItem","position":2,"name":"Training &#038; webinars","item":"https:\/\/www.cosmed.fr\/en\/training-webinars\/"},{"@type":"ListItem","position":3,"name":"Webinars"}]},{"@type":"WebSite","@id":"https:\/\/www.cosmed.fr\/en\/#website","url":"https:\/\/www.cosmed.fr\/en\/","name":"Cosmed","description":"","potentialAction":[{"@type":"SearchAction","target":{"@type":"EntryPoint","urlTemplate":"https:\/\/www.cosmed.fr\/en\/?s={search_term_string}"},"query-input":{"@type":"PropertyValueSpecification","valueRequired":true,"valueName":"search_term_string"}}],"inLanguage":"en-US"}]}},"_links":{"self":[{"href":"https:\/\/www.cosmed.fr\/en\/wp-json\/wp\/v2\/pages\/8281","targetHints":{"allow":["GET"]}}],"collection":[{"href":"https:\/\/www.cosmed.fr\/en\/wp-json\/wp\/v2\/pages"}],"about":[{"href":"https:\/\/www.cosmed.fr\/en\/wp-json\/wp\/v2\/types\/page"}],"author":[{"embeddable":true,"href":"https:\/\/www.cosmed.fr\/en\/wp-json\/wp\/v2\/users\/30881"}],"replies":[{"embeddable":true,"href":"https:\/\/www.cosmed.fr\/en\/wp-json\/wp\/v2\/comments?post=8281"}],"version-history":[{"count":5,"href":"https:\/\/www.cosmed.fr\/en\/wp-json\/wp\/v2\/pages\/8281\/revisions"}],"predecessor-version":[{"id":15381,"href":"https:\/\/www.cosmed.fr\/en\/wp-json\/wp\/v2\/pages\/8281\/revisions\/15381"}],"up":[{"embeddable":true,"href":"https:\/\/www.cosmed.fr\/en\/wp-json\/wp\/v2\/pages\/9448"}],"wp:featuredmedia":[{"embeddable":true,"href":"https:\/\/www.cosmed.fr\/en\/wp-json\/wp\/v2\/media\/8470"}],"wp:attachment":[{"href":"https:\/\/www.cosmed.fr\/en\/wp-json\/wp\/v2\/media?parent=8281"}],"curies":[{"name":"wp","href":"https:\/\/api.w.org\/{rel}","templated":true}]}}