{"id":9473,"date":"2020-12-21T15:50:13","date_gmt":"2020-12-21T15:50:13","guid":{"rendered":"https:\/\/www.cosmed.fr\/legal-notices-2\/"},"modified":"2021-04-07T12:43:04","modified_gmt":"2021-04-07T12:43:04","slug":"legal-notices","status":"publish","type":"page","link":"http:\/\/www.cosmed.fr\/en\/legal-notices\/","title":{"rendered":"Legal notices"},"content":{"rendered":"<div class=\"container\">This site is edited by:<br \/>\nCOSMED<br \/>\nLes Ocres de l&#8217;Arbois &#8211; B\u00e2timent B<br \/>\n495 rue Ren\u00e9 Descartes<br \/>\n13100 AIX EN PROVENCE &#8211; FRANCE<br \/>\nT\u00e9l. + 33 (0)4 42 22 30 40<\/p>\n<p>Name of the publication manager: Jean-Marc Giroux<\/p>\n<p>This site is hosted by:<br \/>\n<span style=\"color: #363636; font-family: Roboto, Arial, Helvetica, sans-serif; font-size: 14px;\">\u2022 &nbsp;<\/span>name: RD Medias<br \/>\n<span style=\"color: #363636; font-family: Roboto, Arial, Helvetica, sans-serif; font-size: 14px;\">\u2022&nbsp;<\/span>&nbsp;company or trading name: RD Medias &#8211; SARL with a share capital of \u20ac11,650 | 2003 B 02325 &#8211; FR64 450 012 570 00013 | APE 741G<br \/>\n<span style=\"color: #363636; font-family: Roboto, Arial, Helvetica, sans-serif; font-size: 14px;\">\u2022&nbsp;<\/span>&nbsp;address: 6, rue de Toulouse &#8211; 13005 Marseilles<br \/>\n<span style=\"color: #363636; font-family: Roboto, Arial, Helvetica, sans-serif; font-size: 14px;\">\u2022&nbsp;<\/span>&nbsp;telephone number: +33 (0)4 91 47 06 21<\/p>\n<p>Personal data:<br \/>\nIn accordance with the Data Processing and Civil Liberties Law of 6 January 1978, you have, in respect of COSMED (whose headquarters is Les Ocres de l&#8217;Arbois &#8211; B\u00e2timent B &#8211; 495 rue Ren\u00e9 Descartes &#8211; 13100 Aix en Provence &#8211; France), the right to access, amend and withdraw personal data concerning you.<\/p>\n<p>Intellectual property:<br \/>\nThis website is the property of COSMED.<br \/>\nAll the elements of this website including texts, graphics, logos, sounds, pictures and animations are the exclusive property of COSMED.<br \/>\nNo reproduction, even partial, other than that provided for in article L 122-5 of the Intellectual Property Code, may be made to this site without the prior written authorisation of COSMED.<\/p>\n<p>The information contained in this site is for information only and may be changed by COSMED at any time, which cannot be held responsible for the content of any incorrect information.<\/p>\n<p>Links:<br \/>\nAny link to of the COSMED site must be the subject of prior written authorisation from COSMED. COSMED waives any liability for the content of the sites linked to its site, and, more generally, as a result of these links.<\/p><\/div>\n","protected":false},"excerpt":{"rendered":"<p>This site is edited by: COSMED Les Ocres de l&#8217;Arbois &#8211; B\u00e2timent B 495 rue Ren\u00e9 Descartes 13100 AIX EN PROVENCE &#8211; FRANCE T\u00e9l. + 33 (0)4 42 22 30 40 Name of the publication manager: Jean-Marc Giroux This site is hosted by: \u2022 &nbsp;name: RD Medias \u2022&nbsp;&nbsp;company or trading name: RD Medias &#8211; SARL [&hellip;]<\/p>\n","protected":false},"author":30880,"featured_media":0,"parent":0,"menu_order":7,"comment_status":"closed","ping_status":"closed","template":"","meta":{"_acf_changed":false,"footnotes":""},"class_list":["post-9473","page","type-page","status-publish","hentry"],"acf":[],"yoast_head":"<!-- This site is optimized with the Yoast SEO plugin v27.1.1 - https:\/\/yoast.com\/product\/yoast-seo-wordpress\/ -->\n<title>Legal notices - Cosmed<\/title>\n<meta name=\"robots\" content=\"index, follow, max-snippet:-1, max-image-preview:large, max-video-preview:-1\" \/>\n<link rel=\"canonical\" href=\"http:\/\/www.cosmed.fr\/en\/legal-notices\/\" \/>\n<meta property=\"og:locale\" content=\"en_US\" \/>\n<meta property=\"og:type\" content=\"article\" \/>\n<meta property=\"og:title\" content=\"Legal notices - Cosmed\" \/>\n<meta property=\"og:description\" content=\"This site is edited by: COSMED Les Ocres de l&#8217;Arbois &#8211; B\u00e2timent B 495 rue Ren\u00e9 Descartes 13100 AIX EN PROVENCE &#8211; FRANCE T\u00e9l. + 33 (0)4 42 22 30 40 Name of the publication manager: Jean-Marc Giroux This site is hosted by: \u2022 &nbsp;name: RD Medias \u2022&nbsp;&nbsp;company or trading name: RD Medias &#8211; SARL [&hellip;]\" \/>\n<meta property=\"og:url\" content=\"http:\/\/www.cosmed.fr\/en\/legal-notices\/\" \/>\n<meta property=\"og:site_name\" content=\"Cosmed\" \/>\n<meta property=\"article:modified_time\" content=\"2021-04-07T12:43:04+00:00\" \/>\n<meta name=\"twitter:card\" content=\"summary_large_image\" \/>\n<meta name=\"twitter:label1\" content=\"Est. reading time\" \/>\n\t<meta name=\"twitter:data1\" content=\"2 minutes\" \/>\n<script type=\"application\/ld+json\" class=\"yoast-schema-graph\">{\"@context\":\"https:\/\/schema.org\",\"@graph\":[{\"@type\":\"WebPage\",\"@id\":\"http:\/\/www.cosmed.fr\/en\/legal-notices\/\",\"url\":\"http:\/\/www.cosmed.fr\/en\/legal-notices\/\",\"name\":\"Legal notices - Cosmed\",\"isPartOf\":{\"@id\":\"https:\/\/www.cosmed.fr\/en\/#website\"},\"datePublished\":\"2020-12-21T15:50:13+00:00\",\"dateModified\":\"2021-04-07T12:43:04+00:00\",\"breadcrumb\":{\"@id\":\"http:\/\/www.cosmed.fr\/en\/legal-notices\/#breadcrumb\"},\"inLanguage\":\"en-US\",\"potentialAction\":[{\"@type\":\"ReadAction\",\"target\":[\"http:\/\/www.cosmed.fr\/en\/legal-notices\/\"]}]},{\"@type\":\"BreadcrumbList\",\"@id\":\"http:\/\/www.cosmed.fr\/en\/legal-notices\/#breadcrumb\",\"itemListElement\":[{\"@type\":\"ListItem\",\"position\":1,\"name\":\"Home\",\"item\":\"https:\/\/www.cosmed.fr\/en\/\"},{\"@type\":\"ListItem\",\"position\":2,\"name\":\"Legal notices\"}]},{\"@type\":\"WebSite\",\"@id\":\"https:\/\/www.cosmed.fr\/en\/#website\",\"url\":\"https:\/\/www.cosmed.fr\/en\/\",\"name\":\"Cosmed\",\"description\":\"\",\"potentialAction\":[{\"@type\":\"SearchAction\",\"target\":{\"@type\":\"EntryPoint\",\"urlTemplate\":\"https:\/\/www.cosmed.fr\/en\/?s={search_term_string}\"},\"query-input\":{\"@type\":\"PropertyValueSpecification\",\"valueRequired\":true,\"valueName\":\"search_term_string\"}}],\"inLanguage\":\"en-US\"}]}<\/script>\n<!-- \/ Yoast SEO plugin. -->","yoast_head_json":{"title":"Legal notices - Cosmed","robots":{"index":"index","follow":"follow","max-snippet":"max-snippet:-1","max-image-preview":"max-image-preview:large","max-video-preview":"max-video-preview:-1"},"canonical":"http:\/\/www.cosmed.fr\/en\/legal-notices\/","og_locale":"en_US","og_type":"article","og_title":"Legal notices - Cosmed","og_description":"This site is edited by: COSMED Les Ocres de l&#8217;Arbois &#8211; B\u00e2timent B 495 rue Ren\u00e9 Descartes 13100 AIX EN PROVENCE &#8211; FRANCE T\u00e9l. + 33 (0)4 42 22 30 40 Name of the publication manager: Jean-Marc Giroux This site is hosted by: \u2022 &nbsp;name: RD Medias \u2022&nbsp;&nbsp;company or trading name: RD Medias &#8211; SARL [&hellip;]","og_url":"http:\/\/www.cosmed.fr\/en\/legal-notices\/","og_site_name":"Cosmed","article_modified_time":"2021-04-07T12:43:04+00:00","twitter_card":"summary_large_image","twitter_misc":{"Est. reading time":"2 minutes"},"schema":{"@context":"https:\/\/schema.org","@graph":[{"@type":"WebPage","@id":"http:\/\/www.cosmed.fr\/en\/legal-notices\/","url":"http:\/\/www.cosmed.fr\/en\/legal-notices\/","name":"Legal notices - Cosmed","isPartOf":{"@id":"https:\/\/www.cosmed.fr\/en\/#website"},"datePublished":"2020-12-21T15:50:13+00:00","dateModified":"2021-04-07T12:43:04+00:00","breadcrumb":{"@id":"http:\/\/www.cosmed.fr\/en\/legal-notices\/#breadcrumb"},"inLanguage":"en-US","potentialAction":[{"@type":"ReadAction","target":["http:\/\/www.cosmed.fr\/en\/legal-notices\/"]}]},{"@type":"BreadcrumbList","@id":"http:\/\/www.cosmed.fr\/en\/legal-notices\/#breadcrumb","itemListElement":[{"@type":"ListItem","position":1,"name":"Home","item":"https:\/\/www.cosmed.fr\/en\/"},{"@type":"ListItem","position":2,"name":"Legal notices"}]},{"@type":"WebSite","@id":"https:\/\/www.cosmed.fr\/en\/#website","url":"https:\/\/www.cosmed.fr\/en\/","name":"Cosmed","description":"","potentialAction":[{"@type":"SearchAction","target":{"@type":"EntryPoint","urlTemplate":"https:\/\/www.cosmed.fr\/en\/?s={search_term_string}"},"query-input":{"@type":"PropertyValueSpecification","valueRequired":true,"valueName":"search_term_string"}}],"inLanguage":"en-US"}]}},"_links":{"self":[{"href":"http:\/\/www.cosmed.fr\/en\/wp-json\/wp\/v2\/pages\/9473","targetHints":{"allow":["GET"]}}],"collection":[{"href":"http:\/\/www.cosmed.fr\/en\/wp-json\/wp\/v2\/pages"}],"about":[{"href":"http:\/\/www.cosmed.fr\/en\/wp-json\/wp\/v2\/types\/page"}],"author":[{"embeddable":true,"href":"http:\/\/www.cosmed.fr\/en\/wp-json\/wp\/v2\/users\/30880"}],"replies":[{"embeddable":true,"href":"http:\/\/www.cosmed.fr\/en\/wp-json\/wp\/v2\/comments?post=9473"}],"version-history":[{"count":2,"href":"http:\/\/www.cosmed.fr\/en\/wp-json\/wp\/v2\/pages\/9473\/revisions"}],"predecessor-version":[{"id":15846,"href":"http:\/\/www.cosmed.fr\/en\/wp-json\/wp\/v2\/pages\/9473\/revisions\/15846"}],"wp:attachment":[{"href":"http:\/\/www.cosmed.fr\/en\/wp-json\/wp\/v2\/media?parent=9473"}],"curies":[{"name":"wp","href":"https:\/\/api.w.org\/{rel}","templated":true}]}}